{"id":162,"date":"2022-01-22T17:47:42","date_gmt":"2022-01-22T16:47:42","guid":{"rendered":"https:\/\/fzefnord.wordpress.com\/?page_id=162"},"modified":"2025-11-29T09:11:14","modified_gmt":"2025-11-29T09:11:14","slug":"schulleben-2","status":"publish","type":"page","link":"https:\/\/foerderzentrum-erfurt-nord.de\/?page_id=162","title":{"rendered":"News &#8211; von Kids f\u00fcr Kids"},"content":{"rendered":"<ul class=\"wp-block-latest-posts__list wp-block-latest-posts\"><li><a class=\"wp-block-latest-posts__post-title\" href=\"https:\/\/foerderzentrum-erfurt-nord.de\/?p=5346\">Gemeinsam f\u00fcr eine saubere Natur<\/a><div class=\"wp-block-latest-posts__post-full-content\"><!-- wp:paragraph -->\n<p>Heute beteiligten sich unsere\u00a0<strong>Lerngruppen Grau, Blau und Rot<\/strong>\u00a0an der\u00a0<strong>Waldputzchallenge 2026<\/strong>. Ziel dieser Aktion ist es, M\u00fcll aus W\u00e4ldern und Gr\u00fcnfl\u00e4chen zu sammeln und damit einen Beitrag zum Schutz der Umwelt zu leisten.<\/p>\n<!-- \/wp:paragraph -->\n\n<!-- wp:paragraph -->\n<p><strong>Eineinhalb Stunden lang<\/strong>\u00a0waren wir gemeinsam mit\u00a0<strong>Frau Goldmann<\/strong>\u00a0unterwegs. Unser Einsatzgebiet lag\u00a0<strong>am Bachbett des Marbachs bei der Stra\u00dfe der Nationen<\/strong>. Ausger\u00fcstet mit Handschuhen und M\u00fclls\u00e4cken sammelten wir\u00a0<strong>am Bachlauf und auf den Wegen<\/strong>\u00a0zahlreiche Abf\u00e4lle.<\/p>\n<!-- \/wp:paragraph -->\n\n<!-- wp:paragraph -->\n<p>Dabei kam einiges zusammen:\u00a0<strong>25 kg Restm\u00fcll und 5,5 kg Plastik<\/strong>. Au\u00dferdem fanden wir viele\u00a0<strong>Flaschen und Zigarettenstummel<\/strong>. Besonders auff\u00e4llig waren einige gr\u00f6\u00dfere Fundst\u00fccke, darunter\u00a0<strong>Bauschutt, zwei Fahrr\u00e4der und sogar ein alter Fernseher<\/strong>.<\/p>\n<!-- \/wp:paragraph -->\n\n<!-- wp:paragraph -->\n<p>Die Aktion hat deutlich gezeigt, wie wichtig ein sorgsamer Umgang mit unserer Umwelt ist. Am Ende konnten wir das Gebiet rund um den Marbach deutlich sauberer hinterlassen.<\/p>\n<!-- \/wp:paragraph -->\n\n<!-- wp:paragraph -->\n<p>Die Teilnahme an der Waldputzchallenge war f\u00fcr alle Beteiligten eine wertvolle Erfahrung und hat gezeigt, dass man gemeinsam viel f\u00fcr den Umweltschutz erreichen kann.<\/p>\n<!-- \/wp:paragraph -->\n\n<!-- wp:image {\"id\":5347,\"sizeSlug\":\"large\",\"linkDestination\":\"none\"} -->\n<figure class=\"wp-block-image size-large\"><img loading=\"lazy\" decoding=\"async\" width=\"682\" height=\"1024\" src=\"https:\/\/foerderzentrum-erfurt-nord.de\/wp-content\/uploads\/2026\/03\/Red-Fashion-Photo-Collage-682x1024.png\" alt=\"\" class=\"wp-image-5347\" srcset=\"https:\/\/foerderzentrum-erfurt-nord.de\/wp-content\/uploads\/2026\/03\/Red-Fashion-Photo-Collage-682x1024.png 682w, https:\/\/foerderzentrum-erfurt-nord.de\/wp-content\/uploads\/2026\/03\/Red-Fashion-Photo-Collage-200x300.png 200w, https:\/\/foerderzentrum-erfurt-nord.de\/wp-content\/uploads\/2026\/03\/Red-Fashion-Photo-Collage-768x1152.png 768w, https:\/\/foerderzentrum-erfurt-nord.de\/wp-content\/uploads\/2026\/03\/Red-Fashion-Photo-Collage-1024x1536.png 1024w, https:\/\/foerderzentrum-erfurt-nord.de\/wp-content\/uploads\/2026\/03\/Red-Fashion-Photo-Collage.png 1333w\" sizes=\"auto, (max-width: 682px) 100vw, 682px\" \/><\/figure>\n<!-- \/wp:image -->\n\n<!-- wp:paragraph -->\n<p>09.03.2026 <\/p>\n<!-- \/wp:paragraph --><\/div><\/li>\n<li><a class=\"wp-block-latest-posts__post-title\" href=\"https:\/\/foerderzentrum-erfurt-nord.de\/?p=5180\">Ein Tag im Steigerwaldstadion Erfurt<\/a><div class=\"wp-block-latest-posts__post-full-content\"><!-- wp:paragraph -->\n<p>Am 27. Januar 2026 waren wir &#8211; Lerngruppe Blau- im Steigerwaldstadion, weil Rot-Wei\u00df Erfurt das 60. Jubil\u00e4um feierte.<br>Wir fuhren mit der Stra\u00dfenbahnlinie 1 zum Stadion. <br>Vor dem Eingang mussten wir noch einen Augenblick warten. <br>Eine andere Schulklasse war auch da, die Sch\u00fcler waren j\u00fcnger als wir. Erst durften sie rein und dann wir. Danach stellten sich die Leute vor, die uns begleiten sollten. <\/p>\n<!-- \/wp:paragraph -->\n\n<!-- wp:image {\"id\":5182,\"sizeSlug\":\"large\",\"linkDestination\":\"none\"} -->\n<figure class=\"wp-block-image size-large\"><img loading=\"lazy\" decoding=\"async\" width=\"1024\" height=\"819\" src=\"https:\/\/foerderzentrum-erfurt-nord.de\/wp-content\/uploads\/2026\/02\/RWE-Bild-1024x819.png\" alt=\"\" class=\"wp-image-5182\" srcset=\"https:\/\/foerderzentrum-erfurt-nord.de\/wp-content\/uploads\/2026\/02\/RWE-Bild-1024x819.png 1024w, https:\/\/foerderzentrum-erfurt-nord.de\/wp-content\/uploads\/2026\/02\/RWE-Bild-300x240.png 300w, https:\/\/foerderzentrum-erfurt-nord.de\/wp-content\/uploads\/2026\/02\/RWE-Bild-768x614.png 768w, https:\/\/foerderzentrum-erfurt-nord.de\/wp-content\/uploads\/2026\/02\/RWE-Bild-1536x1229.png 1536w, https:\/\/foerderzentrum-erfurt-nord.de\/wp-content\/uploads\/2026\/02\/RWE-Bild-1568x1254.png 1568w, https:\/\/foerderzentrum-erfurt-nord.de\/wp-content\/uploads\/2026\/02\/RWE-Bild.png 2000w\" sizes=\"auto, (max-width: 1024px) 100vw, 1024px\" \/><\/figure>\n<!-- \/wp:image -->\n\n<!-- wp:paragraph -->\n<p>Das waren Benny Boboy (Spieler der 1. Mannschaft), Andreas, Antje vom Verein und Danny Weigel (Vorstandsmitglied). Dann ging es los. Erst ging die j\u00fcngere Klasse und dann wir die Treppen hoch. Unsere erste Station waren die Logen. Die erste war aus Holz und gem\u00fctlich eingerichtet. Antje erz\u00e4hlte uns etwas dar\u00fcber und wir durften Fragen stellen. Danach kamen noch drei weitere Logen. Eine war Rot-Wei\u00df, eine war mit vielen Trikots und Sammlerst\u00fccken und die letzte war gr\u00fcn eingerichtet. Nach den Logen gingen wir nach unten in die Spielerkabine von Rot-Wei\u00df Erfurt. Dort hat jeder Spieler seinen eigenen Platz mit seinem Foto dar\u00fcber. In der Mitte steht ein Tisch, der am Spieltag f\u00fcr Snacks und Getr\u00e4nke benutzt wird.<\/p>\n<!-- \/wp:paragraph -->\n\n<!-- wp:paragraph -->\n<p>Danach gingen wir in den Presseraum. Dort wartete schon Benny Boboy. Er beantwortete Fragen von den Kindern und Jugendlichen.<\/p>\n<!-- \/wp:paragraph -->\n\n<!-- wp:image {\"id\":5183,\"sizeSlug\":\"large\",\"linkDestination\":\"none\"} -->\n<figure class=\"wp-block-image size-large\"><img loading=\"lazy\" decoding=\"async\" width=\"1024\" height=\"819\" src=\"https:\/\/foerderzentrum-erfurt-nord.de\/wp-content\/uploads\/2026\/02\/RWE-Bild-1-1024x819.png\" alt=\"\" class=\"wp-image-5183\" srcset=\"https:\/\/foerderzentrum-erfurt-nord.de\/wp-content\/uploads\/2026\/02\/RWE-Bild-1-1024x819.png 1024w, https:\/\/foerderzentrum-erfurt-nord.de\/wp-content\/uploads\/2026\/02\/RWE-Bild-1-300x240.png 300w, https:\/\/foerderzentrum-erfurt-nord.de\/wp-content\/uploads\/2026\/02\/RWE-Bild-1-768x614.png 768w, https:\/\/foerderzentrum-erfurt-nord.de\/wp-content\/uploads\/2026\/02\/RWE-Bild-1-1536x1229.png 1536w, https:\/\/foerderzentrum-erfurt-nord.de\/wp-content\/uploads\/2026\/02\/RWE-Bild-1-1568x1254.png 1568w, https:\/\/foerderzentrum-erfurt-nord.de\/wp-content\/uploads\/2026\/02\/RWE-Bild-1.png 2000w\" sizes=\"auto, (max-width: 1024px) 100vw, 1024px\" \/><\/figure>\n<!-- \/wp:image -->\n\n<!-- wp:paragraph -->\n<p>Als Letztes gingen wir in die Halle, in der sich die Spieler vor dem Spiel versammeln. Von dort laufen sie durch den Spielertunnel auf das Feld. Wir durften den Spielertunnel auch entlanglaufen, aber nicht auf das Spielfeld. Die Fotos mit Benny wurden im Vorraum vom Spielertunnel gemacht. Danach gingen wir wieder zum Anfang. Benny Boboy gab Autogramme. Danach gab es noch eine Autogrammrunde. Erst die andere Klasse und dann wir bekamen Autogrammkarten. Am Ende kam noch Pablo Santana Soares, der auch Autogramme und Autogrammkarten gab.<\/p>\n<!-- \/wp:paragraph -->\n\n<!-- wp:image {\"id\":5184,\"sizeSlug\":\"large\",\"linkDestination\":\"none\"} -->\n<figure class=\"wp-block-image size-large\"><img loading=\"lazy\" decoding=\"async\" width=\"1024\" height=\"819\" src=\"https:\/\/foerderzentrum-erfurt-nord.de\/wp-content\/uploads\/2026\/02\/RWE-Bild-2-1024x819.png\" alt=\"\" class=\"wp-image-5184\" srcset=\"https:\/\/foerderzentrum-erfurt-nord.de\/wp-content\/uploads\/2026\/02\/RWE-Bild-2-1024x819.png 1024w, https:\/\/foerderzentrum-erfurt-nord.de\/wp-content\/uploads\/2026\/02\/RWE-Bild-2-300x240.png 300w, https:\/\/foerderzentrum-erfurt-nord.de\/wp-content\/uploads\/2026\/02\/RWE-Bild-2-768x614.png 768w, https:\/\/foerderzentrum-erfurt-nord.de\/wp-content\/uploads\/2026\/02\/RWE-Bild-2-1536x1229.png 1536w, https:\/\/foerderzentrum-erfurt-nord.de\/wp-content\/uploads\/2026\/02\/RWE-Bild-2-1568x1254.png 1568w, https:\/\/foerderzentrum-erfurt-nord.de\/wp-content\/uploads\/2026\/02\/RWE-Bild-2.png 2000w\" sizes=\"auto, (max-width: 1024px) 100vw, 1024px\" \/><\/figure>\n<!-- \/wp:image -->\n\n<!-- wp:paragraph -->\n<p>Das war unser Tag im Steigerwaldstadion Erfurt.  <\/p>\n<!-- \/wp:paragraph -->\n\n<!-- wp:paragraph -->\n<p>Lerngruppe Blau (JR)<\/p>\n<!-- \/wp:paragraph --><\/div><\/li>\n<li><a class=\"wp-block-latest-posts__post-title\" href=\"https:\/\/foerderzentrum-erfurt-nord.de\/?p=5081\">Schulweihnachtsfeier<\/a><div class=\"wp-block-latest-posts__post-full-content\"><!-- wp:paragraph -->\n<p>Kurz vor den Weihnachtsferien fand die Schulweihnachtsfeier statt. Es war ein sch\u00f6ner Tag mit leckerem Essen und tollen Stationen. <\/p>\n<!-- \/wp:paragraph -->\n\n<!-- wp:paragraph -->\n<p>Pl\u00e4tzchen, Hot Dogs und Kinderpunsch bereiteten die Sch\u00fcler selbst in der Schulk\u00fcche vor. Auch die Raum-Dekoration bastelten die Sch\u00fcler selbst. <\/p>\n<!-- \/wp:paragraph -->\n\n<!-- wp:paragraph -->\n<p>Zu Beginn der Weihnachtsfeier versammelten wir uns alle in der Aula. Die Schulsprecherin erz\u00e4hlte die Weihnachtsgeschichte. Danach stimmten zwei Klassen die Feier mit &#8222;Kling Gl\u00f6ckchen&#8220; und &#8222;Oh Tannenbaum&#8220; musikalisch ein. <\/p>\n<!-- \/wp:paragraph -->\n\n<!-- wp:paragraph -->\n<p>Danach konnte man sich an verschiedenen Stationen ausprobieren: Weihnachtliche Buttons gestalten und Gesellschaftsspiele spielen oder kreativ werden beim Gestalten von Schl\u00fcsselanh\u00e4ngern, Armb\u00e4ndern, Wollanh\u00e4ngern und Sternen. <\/p>\n<!-- \/wp:paragraph -->\n\n<!-- wp:paragraph -->\n<p>Alle hatten so ein sch\u00f6nes gemeinschaftliches Erlebnis in der Vorweihnachtszeit. <\/p>\n<!-- \/wp:paragraph -->\n\n<!-- wp:image {\"id\":5084,\"sizeSlug\":\"large\",\"linkDestination\":\"none\"} -->\n<figure class=\"wp-block-image size-large\"><img loading=\"lazy\" decoding=\"async\" width=\"1024\" height=\"724\" src=\"https:\/\/foerderzentrum-erfurt-nord.de\/wp-content\/uploads\/2026\/01\/WF-1024x724.jpg\" alt=\"\" class=\"wp-image-5084\" srcset=\"https:\/\/foerderzentrum-erfurt-nord.de\/wp-content\/uploads\/2026\/01\/WF-1024x724.jpg 1024w, https:\/\/foerderzentrum-erfurt-nord.de\/wp-content\/uploads\/2026\/01\/WF-300x212.jpg 300w, https:\/\/foerderzentrum-erfurt-nord.de\/wp-content\/uploads\/2026\/01\/WF-768x543.jpg 768w, https:\/\/foerderzentrum-erfurt-nord.de\/wp-content\/uploads\/2026\/01\/WF-1536x1086.jpg 1536w, https:\/\/foerderzentrum-erfurt-nord.de\/wp-content\/uploads\/2026\/01\/WF-2048x1448.jpg 2048w, https:\/\/foerderzentrum-erfurt-nord.de\/wp-content\/uploads\/2026\/01\/WF-1568x1108.jpg 1568w\" sizes=\"auto, (max-width: 1024px) 100vw, 1024px\" \/><\/figure>\n<!-- \/wp:image --><\/div><\/li>\n<li><a class=\"wp-block-latest-posts__post-title\" href=\"https:\/\/foerderzentrum-erfurt-nord.de\/?p=5072\">4. Vorlesewettbewerb<\/a><div class=\"wp-block-latest-posts__post-full-content\"><!-- wp:paragraph -->\n<p>Nun schon im vierten Jahr in Folge fand der Vorlesetag am 26.11.2025 statt. Gemeinsam mit den besten Vorlesern aus den Klassen durften wir den Wettbewerb wieder in der Bibliothek am Berliner Platz austragen. <br><br>Die Jury hatte es bei den tollen Lesern und spannenden B\u00fcchern nicht leicht. Neben bekannten Geschichten wie &#8222;Basil der gro\u00dfe M\u00e4usedetektiv&#8220; oder &#8222;Gregs Tagebuch&#8220; besch\u00e4ftigten sich die Sch\u00fcler in ihren B\u00fcchern auch mit den Themen Ausgrenzung, Zukunftsplanung und Sucht. <br><br>Danke an den F\u00f6rderverein der Schule. Durch dessen Unterst\u00fctzung haben die Sch\u00fcler tolle Preise gewonnen. Danke auch an die Bibliothek am Berliner Platz. <br>Bis zum n\u00e4chsten Jahr \ud83d\ude42<\/p>\n<!-- \/wp:paragraph -->\n\n<!-- wp:image {\"id\":5077,\"sizeSlug\":\"large\",\"linkDestination\":\"none\"} -->\n<figure class=\"wp-block-image size-large\"><img loading=\"lazy\" decoding=\"async\" width=\"1024\" height=\"724\" src=\"https:\/\/foerderzentrum-erfurt-nord.de\/wp-content\/uploads\/2026\/01\/VW-1024x724.jpeg\" alt=\"\" class=\"wp-image-5077\" srcset=\"https:\/\/foerderzentrum-erfurt-nord.de\/wp-content\/uploads\/2026\/01\/VW-1024x724.jpeg 1024w, https:\/\/foerderzentrum-erfurt-nord.de\/wp-content\/uploads\/2026\/01\/VW-300x212.jpeg 300w, https:\/\/foerderzentrum-erfurt-nord.de\/wp-content\/uploads\/2026\/01\/VW-768x543.jpeg 768w, https:\/\/foerderzentrum-erfurt-nord.de\/wp-content\/uploads\/2026\/01\/VW-1536x1086.jpeg 1536w, https:\/\/foerderzentrum-erfurt-nord.de\/wp-content\/uploads\/2026\/01\/VW-2048x1448.jpeg 2048w, https:\/\/foerderzentrum-erfurt-nord.de\/wp-content\/uploads\/2026\/01\/VW-1568x1108.jpeg 1568w\" sizes=\"auto, (max-width: 1024px) 100vw, 1024px\" \/><\/figure>\n<!-- \/wp:image -->\n\n<!-- wp:paragraph -->\n<p><br><br><\/p>\n<!-- \/wp:paragraph --><\/div><\/li>\n<li><a class=\"wp-block-latest-posts__post-title\" href=\"https:\/\/foerderzentrum-erfurt-nord.de\/?p=4692\">Anti-Mobbing-Projekt &#8222;Gemeinsam Klasse sein&#8220;<\/a><div class=\"wp-block-latest-posts__post-full-content\"><!-- wp:paragraph -->\n<p>Hallo, wir sind Lerngruppe Gelb. Wir haben ein Projekt zum Thema Mobbing gemacht und m\u00f6chten es euch vorstellen. <\/p>\n<!-- \/wp:paragraph -->\n\n<!-- wp:paragraph -->\n<p>Das Projekt ging insgesamt 28 Unterrichtsstunden. Wir haben als Klasse zusammen gearbeitet eine ganze Woche.  Dabei waren unsere Klassenlehrerin, unserer Schulsozialarbeiterin und eine Integrationsbegleiterin. <\/p>\n<!-- \/wp:paragraph -->\n\n<!-- wp:paragraph -->\n<p>Wir haben vier Themen besprochen: Was ist Mobbing? Wer ist beim Mobbing dabei? Was kann ich gegen Mobbing machen? Was w\u00fcnschen wir uns von Lehrern und anderen Erwachsenen. <\/p>\n<!-- \/wp:paragraph -->\n\n<!-- wp:paragraph -->\n<p>Die Sch\u00fclerinnen und Sch\u00fcler haben sich mit Hilfe eines Filmes mit dem Thema Mobbing besch\u00e4ftigt. Durch viele Gruppenarbeiten und Rollenspiele konnten wir ein\u00fcben, wie man sich verhalten kann, wenn eine andere Person dauerhaft schlecht behandelt wird. Wir haben gelernt, was der Unterschied zwischen Mobbing und einem Streit ist. Am Ende entstand ein Plakat. Das Plakat h\u00e4ngt im Schulhaus. <\/p>\n<!-- \/wp:paragraph -->\n\n<!-- wp:paragraph -->\n<p>Wer sich f\u00fcr das Projekt interessiert, kann hier etwas dazu lesen: <a href=\"https:\/\/www.gemeinsam-klasse-sein.de\/anti-mobbing\">https:\/\/www.gemeinsam-klasse-sein.de\/anti-mobbing<\/a><\/p>\n<!-- \/wp:paragraph -->\n\n<!-- wp:image {\"id\":4693,\"sizeSlug\":\"large\",\"linkDestination\":\"none\"} -->\n<figure class=\"wp-block-image size-large\"><img loading=\"lazy\" decoding=\"async\" width=\"1024\" height=\"576\" src=\"https:\/\/foerderzentrum-erfurt-nord.de\/wp-content\/uploads\/2025\/10\/Group-1024x576.png\" alt=\"\" class=\"wp-image-4693\" srcset=\"https:\/\/foerderzentrum-erfurt-nord.de\/wp-content\/uploads\/2025\/10\/Group-1024x576.png 1024w, https:\/\/foerderzentrum-erfurt-nord.de\/wp-content\/uploads\/2025\/10\/Group-300x169.png 300w, https:\/\/foerderzentrum-erfurt-nord.de\/wp-content\/uploads\/2025\/10\/Group-768x432.png 768w, https:\/\/foerderzentrum-erfurt-nord.de\/wp-content\/uploads\/2025\/10\/Group-1536x864.png 1536w, https:\/\/foerderzentrum-erfurt-nord.de\/wp-content\/uploads\/2025\/10\/Group-1568x882.png 1568w, https:\/\/foerderzentrum-erfurt-nord.de\/wp-content\/uploads\/2025\/10\/Group.png 1920w\" sizes=\"auto, (max-width: 1024px) 100vw, 1024px\" \/><\/figure>\n<!-- \/wp:image -->\n\n<!-- wp:image {\"id\":4694,\"sizeSlug\":\"large\",\"linkDestination\":\"none\"} -->\n<figure class=\"wp-block-image size-large\"><img loading=\"lazy\" decoding=\"async\" width=\"1024\" height=\"576\" src=\"https:\/\/foerderzentrum-erfurt-nord.de\/wp-content\/uploads\/2025\/10\/Group-1-1024x576.png\" alt=\"\" class=\"wp-image-4694\" srcset=\"https:\/\/foerderzentrum-erfurt-nord.de\/wp-content\/uploads\/2025\/10\/Group-1-1024x576.png 1024w, https:\/\/foerderzentrum-erfurt-nord.de\/wp-content\/uploads\/2025\/10\/Group-1-300x169.png 300w, https:\/\/foerderzentrum-erfurt-nord.de\/wp-content\/uploads\/2025\/10\/Group-1-768x432.png 768w, https:\/\/foerderzentrum-erfurt-nord.de\/wp-content\/uploads\/2025\/10\/Group-1-1536x864.png 1536w, https:\/\/foerderzentrum-erfurt-nord.de\/wp-content\/uploads\/2025\/10\/Group-1-1568x882.png 1568w, https:\/\/foerderzentrum-erfurt-nord.de\/wp-content\/uploads\/2025\/10\/Group-1.png 1920w\" sizes=\"auto, (max-width: 1024px) 100vw, 1024px\" \/><\/figure>\n<!-- \/wp:image -->\n\n<!-- wp:paragraph -->\n<p><\/p>\n<!-- \/wp:paragraph --><\/div><\/li>\n<\/ul>\n\n\n<h2 class=\"wp-block-heading\" id=\"archiv\">Archiv<\/h2>\n\n\n<ul class=\"wp-block-archives-list wp-block-archives\">\t<li><a href='https:\/\/foerderzentrum-erfurt-nord.de\/?m=202603'>M\u00e4rz 2026<\/a><\/li>\n\t<li><a href='https:\/\/foerderzentrum-erfurt-nord.de\/?m=202602'>Februar 2026<\/a><\/li>\n\t<li><a href='https:\/\/foerderzentrum-erfurt-nord.de\/?m=202601'>Januar 2026<\/a><\/li>\n\t<li><a href='https:\/\/foerderzentrum-erfurt-nord.de\/?m=202510'>Oktober 2025<\/a><\/li>\n\t<li><a href='https:\/\/foerderzentrum-erfurt-nord.de\/?m=202507'>Juli 2025<\/a><\/li>\n\t<li><a href='https:\/\/foerderzentrum-erfurt-nord.de\/?m=202506'>Juni 2025<\/a><\/li>\n\t<li><a href='https:\/\/foerderzentrum-erfurt-nord.de\/?m=202504'>April 2025<\/a><\/li>\n\t<li><a href='https:\/\/foerderzentrum-erfurt-nord.de\/?m=202502'>Februar 2025<\/a><\/li>\n\t<li><a href='https:\/\/foerderzentrum-erfurt-nord.de\/?m=202501'>Januar 2025<\/a><\/li>\n\t<li><a href='https:\/\/foerderzentrum-erfurt-nord.de\/?m=202410'>Oktober 2024<\/a><\/li>\n\t<li><a href='https:\/\/foerderzentrum-erfurt-nord.de\/?m=202406'>Juni 2024<\/a><\/li>\n\t<li><a href='https:\/\/foerderzentrum-erfurt-nord.de\/?m=202405'>Mai 2024<\/a><\/li>\n\t<li><a href='https:\/\/foerderzentrum-erfurt-nord.de\/?m=202403'>M\u00e4rz 2024<\/a><\/li>\n\t<li><a href='https:\/\/foerderzentrum-erfurt-nord.de\/?m=202402'>Februar 2024<\/a><\/li>\n\t<li><a href='https:\/\/foerderzentrum-erfurt-nord.de\/?m=202401'>Januar 2024<\/a><\/li>\n\t<li><a href='https:\/\/foerderzentrum-erfurt-nord.de\/?m=202311'>November 2023<\/a><\/li>\n\t<li><a href='https:\/\/foerderzentrum-erfurt-nord.de\/?m=202306'>Juni 2023<\/a><\/li>\n\t<li><a href='https:\/\/foerderzentrum-erfurt-nord.de\/?m=202305'>Mai 2023<\/a><\/li>\n\t<li><a href='https:\/\/foerderzentrum-erfurt-nord.de\/?m=202304'>April 2023<\/a><\/li>\n\t<li><a href='https:\/\/foerderzentrum-erfurt-nord.de\/?m=202303'>M\u00e4rz 2023<\/a><\/li>\n\t<li><a href='https:\/\/foerderzentrum-erfurt-nord.de\/?m=202302'>Februar 2023<\/a><\/li>\n\t<li><a href='https:\/\/foerderzentrum-erfurt-nord.de\/?m=202210'>Oktober 2022<\/a><\/li>\n\t<li><a href='https:\/\/foerderzentrum-erfurt-nord.de\/?m=202209'>September 2022<\/a><\/li>\n\t<li><a href='https:\/\/foerderzentrum-erfurt-nord.de\/?m=202207'>Juli 2022<\/a><\/li>\n\t<li><a href='https:\/\/foerderzentrum-erfurt-nord.de\/?m=202205'>Mai 2022<\/a><\/li>\n\t<li><a href='https:\/\/foerderzentrum-erfurt-nord.de\/?m=202204'>April 2022<\/a><\/li>\n\t<li><a href='https:\/\/foerderzentrum-erfurt-nord.de\/?m=202203'>M\u00e4rz 2022<\/a><\/li>\n\t<li><a href='https:\/\/foerderzentrum-erfurt-nord.de\/?m=202202'>Februar 2022<\/a><\/li>\n\t<li><a href='https:\/\/foerderzentrum-erfurt-nord.de\/?m=202201'>Januar 2022<\/a><\/li>\n<\/ul>","protected":false},"excerpt":{"rendered":"<p>Archiv<\/p>\n","protected":false},"author":2,"featured_media":0,"parent":0,"menu_order":0,"comment_status":"closed","ping_status":"closed","template":"","meta":{"footnotes":""},"class_list":["post-162","page","type-page","status-publish","hentry","entry"],"_links":{"self":[{"href":"https:\/\/foerderzentrum-erfurt-nord.de\/index.php?rest_route=\/wp\/v2\/pages\/162","targetHints":{"allow":["GET"]}}],"collection":[{"href":"https:\/\/foerderzentrum-erfurt-nord.de\/index.php?rest_route=\/wp\/v2\/pages"}],"about":[{"href":"https:\/\/foerderzentrum-erfurt-nord.de\/index.php?rest_route=\/wp\/v2\/types\/page"}],"author":[{"embeddable":true,"href":"https:\/\/foerderzentrum-erfurt-nord.de\/index.php?rest_route=\/wp\/v2\/users\/2"}],"replies":[{"embeddable":true,"href":"https:\/\/foerderzentrum-erfurt-nord.de\/index.php?rest_route=%2Fwp%2Fv2%2Fcomments&post=162"}],"version-history":[{"count":31,"href":"https:\/\/foerderzentrum-erfurt-nord.de\/index.php?rest_route=\/wp\/v2\/pages\/162\/revisions"}],"predecessor-version":[{"id":4865,"href":"https:\/\/foerderzentrum-erfurt-nord.de\/index.php?rest_route=\/wp\/v2\/pages\/162\/revisions\/4865"}],"wp:attachment":[{"href":"https:\/\/foerderzentrum-erfurt-nord.de\/index.php?rest_route=%2Fwp%2Fv2%2Fmedia&parent=162"}],"curies":[{"name":"wp","href":"https:\/\/api.w.org\/{rel}","templated":true}]}}