{"id":610,"date":"2022-05-18T11:41:49","date_gmt":"2022-05-18T11:41:49","guid":{"rendered":"https:\/\/foerderzentrum-erfurt-nord.de\/?page_id=610"},"modified":"2023-10-24T21:08:48","modified_gmt":"2023-10-24T21:08:48","slug":"gemeinsamer-unterricht","status":"publish","type":"page","link":"https:\/\/foerderzentrum-erfurt-nord.de\/?page_id=610","title":{"rendered":"Zahlen und Fakten zum Gemeinsamen Unterricht in Erfurt Nord"},"content":{"rendered":"\n<p>\u201eF\u00f6rderschulen sind sonderp\u00e4dagogische Zentren f\u00fcr Unterricht, F\u00f6rderung und Beratung. Sie kooperieren mit den allgemeinen Schulen, um jeden Sch\u00fcler zu einem f\u00fcr ihn bestm\u00f6glichen Abschluss zu f\u00fchren.\u201c \u00a7 7a Abs.1 Th\u00fcrSchulG<\/p>\n\n\n\n<p>Wir sind ein F\u00f6rderzentrum mit den F\u00f6rderschwerpunkten Lernen, Sprache und emotionale und soziale Entwicklung. Deshalb haben wir den Auftrag im Erfurter Norden ein Netzwerk zu entwickeln, das eine qualitativ hochwertige F\u00f6rderung einer jeden Sch\u00fclerin bzw. Sch\u00fclers mit sonderp\u00e4dagogischem F\u00f6rderbedarf im Gemeinsamen Unterricht absichert.<\/p>\n\n\n\n<p>Zahlen zum Netzwerk Nord in der \u00dcbersicht:<\/p>\n\n\n\n<figure class=\"wp-block-table is-style-stripes\"><table><tbody><tr><td><strong>Personal<\/strong><\/td><td><\/td><\/tr><tr><td>F\u00f6rderp\u00e4dagogen gesamt<\/td><td>92<\/td><\/tr><tr><td>F\u00f6rderlehrerinnen und -lehrer<\/td><td>72<\/td><\/tr><tr><td>Sonderp\u00e4dagogische Fachkr\u00e4fte<\/td><td>20<\/td><\/tr><\/tbody><\/table><\/figure>\n\n\n\n<figure class=\"wp-block-table is-style-stripes\"><table><tbody><tr><td><strong>Netzwerkschulen<\/strong><\/td><td><\/td><\/tr><tr><td>Grundschulen<\/td><td>14<\/td><\/tr><tr><td>Regelschulen<\/td><td>6<\/td><\/tr><tr><td>Gemeinschaftsschulen<\/td><td>4<\/td><\/tr><tr><td>Gesamtschulen<\/td><td>1<\/td><\/tr><tr><td>Gymnasien<\/td><td>3<\/td><\/tr><\/tbody><\/table><\/figure>\n\n\n\n<p><a href=\"https:\/\/foerderzentrum-erfurt-nord.de\/?page_id=643\" data-type=\"page\" data-id=\"643\">zum Gemeinsamen Unterricht<\/a><\/p>\n\n\n\n<p>z<a href=\"https:\/\/foerderzentrum-erfurt-nord.de\/?page_id=646\" data-type=\"page\" data-id=\"646\">u F\u00f6rderp\u00e4dagogen im Gemeinsamen Unterricht<\/a><\/p>\n\n\n\n<p><\/p>\n\n\n\n<p><\/p>\n","protected":false},"excerpt":{"rendered":"<p>\u201eF\u00f6rderschulen sind sonderp\u00e4dagogische Zentren f\u00fcr Unterricht, F\u00f6rderung und Beratung. Sie kooperieren mit den allgemeinen Schulen, um jeden Sch\u00fcler zu einem f\u00fcr ihn bestm\u00f6glichen Abschluss zu f\u00fchren.\u201c \u00a7 7a Abs.1 Th\u00fcrSchulG Wir sind ein F\u00f6rderzentrum mit den F\u00f6rderschwerpunkten Lernen, Sprache und emotionale und soziale Entwicklung. Deshalb haben wir den Auftrag im Erfurter Norden ein Netzwerk zu&hellip; <a class=\"more-link\" href=\"https:\/\/foerderzentrum-erfurt-nord.de\/?page_id=610\"><span class=\"screen-reader-text\">Zahlen und Fakten zum Gemeinsamen Unterricht in Erfurt Nord<\/span> weiterlesen<\/a><\/p>\n","protected":false},"author":2,"featured_media":0,"parent":0,"menu_order":0,"comment_status":"closed","ping_status":"closed","template":"","meta":{"footnotes":""},"class_list":["post-610","page","type-page","status-publish","hentry","entry"],"_links":{"self":[{"href":"https:\/\/foerderzentrum-erfurt-nord.de\/index.php?rest_route=\/wp\/v2\/pages\/610","targetHints":{"allow":["GET"]}}],"collection":[{"href":"https:\/\/foerderzentrum-erfurt-nord.de\/index.php?rest_route=\/wp\/v2\/pages"}],"about":[{"href":"https:\/\/foerderzentrum-erfurt-nord.de\/index.php?rest_route=\/wp\/v2\/types\/page"}],"author":[{"embeddable":true,"href":"https:\/\/foerderzentrum-erfurt-nord.de\/index.php?rest_route=\/wp\/v2\/users\/2"}],"replies":[{"embeddable":true,"href":"https:\/\/foerderzentrum-erfurt-nord.de\/index.php?rest_route=%2Fwp%2Fv2%2Fcomments&post=610"}],"version-history":[{"count":9,"href":"https:\/\/foerderzentrum-erfurt-nord.de\/index.php?rest_route=\/wp\/v2\/pages\/610\/revisions"}],"predecessor-version":[{"id":2299,"href":"https:\/\/foerderzentrum-erfurt-nord.de\/index.php?rest_route=\/wp\/v2\/pages\/610\/revisions\/2299"}],"wp:attachment":[{"href":"https:\/\/foerderzentrum-erfurt-nord.de\/index.php?rest_route=%2Fwp%2Fv2%2Fmedia&parent=610"}],"curies":[{"name":"wp","href":"https:\/\/api.w.org\/{rel}","templated":true}]}}