{"id":628,"date":"2022-05-19T09:21:20","date_gmt":"2022-05-19T09:21:20","guid":{"rendered":"https:\/\/foerderzentrum-erfurt-nord.de\/?page_id=628"},"modified":"2026-04-26T12:56:12","modified_gmt":"2026-04-26T12:56:12","slug":"berufsvorbereitung","status":"publish","type":"page","link":"https:\/\/foerderzentrum-erfurt-nord.de\/?page_id=628","title":{"rendered":"Berufsvorbereitung"},"content":{"rendered":"\n<figure class=\"wp-block-table\"><table class=\"has-fixed-layout\"><tbody><tr><td><a href=\"https:\/\/foerderzentrum-erfurt-nord.de\/?page_id=5116\" data-type=\"page\" data-id=\"5116\">Informationen zum Ablauf berufsvorbereitender Ma\u00dfnahmen<\/a><br><\/td><td><a href=\"https:\/\/foerderzentrum-erfurt-nord.de\/?page_id=5119\" data-type=\"page\" data-id=\"5119\">Berufseinstiegsbegleit<\/a>ung <\/td><td><a href=\"https:\/\/foerderzentrum-erfurt-nord.de\/?page_id=5121\" data-type=\"page\" data-id=\"5121\">Hilfe&amp; Unterst\u00fctzung<\/a><\/td><\/tr><\/tbody><\/table><\/figure>\n\n\n\n<p><\/p>\n\n\n\n<p>F\u00fcr den berufswahl- und berufsorientierten Unterricht ist der wichtigste Ansprechpartner die stellvertretende Schulleiterin. <br>Sie organisiert und koordiniert spezielle Veranstaltungen gemeinsam mit unserem Ansprechpartner der Agentur f\u00fcr Arbeit. <\/p>\n\n\n\n<p>Zu Beginn des Schuljahres stellt sich unser Ansprechpartner von der Bundesagentur f\u00fcr Arbeit in den Elternabenden der Lerngruppen allen Eltern unserer Sch\u00fclerinnen und Sch\u00fclern vor.<\/p>\n\n\n\n<p>Regelm\u00e4\u00dfig werden Berufswegekonferenzen mit ihm und den Sch\u00fclerinnen und Sch\u00fclern und deren Eltern\/ Erziehungsberechtigten durchgef\u00fchrt. Fest verankert im Schulablauf ist die monatliche Sprechstunde zur Berufsberatung in der Schule. Hier k\u00f6nnen sich sowohl die Sch\u00fclerinnen und Sch\u00fcler, als auch die Eltern mit Fragen und Problemen rund um den Berufswahlprozess an den Berufsberater wenden.<\/p>\n\n\n\n<p>Unsere praxisnahe Berufsorientierung und -erkundung ist zentraler Baustein unseres Unterrichts im berufswahlvorbereitenden und lebenspraktischen Bereich. Gemeinsam mit der Berufskoordinatorin\/ \u00dcbergangskoordinatorin des Bildungswerk BAU Hessen &#8211; Th\u00fcringen wird die praxisnahe Berufsfelderprobung f\u00fcr alle Klassen geplant, durchgef\u00fchrt, abschlie\u00dfend ausgewertet und reflektiert. Ein Zertifikat zur praxisnahen Beruflichen Orientierung wird ausgeh\u00e4ndigt.<\/p>\n\n\n\n<p><\/p>\n\n\n\n<figure class=\"wp-block-table is-style-regular\"><table><tbody><tr><td><strong><u>Kompetenztest und Praxisnahe Berufsorientierung \u2013 Berufsfelderprobung<\/u><\/strong>&nbsp;im<br>Bildungswerk BAU Hessen-Th\u00fcringen e. V.<br><br>Die Sch\u00fcler\/innen:<br>\u2013 kennen und beachten betriebstypische Regelungen sowie Vorschriften des Arbeitsschutzes, etc.<br>\u2013 arbeiten in verschiedenen Berufsfeldern<br>\u2013 kennenlernen von eigenen St\u00e4rken und Neigungen&nbsp;<br><br><strong><u>Berufsfelderprobung &nbsp;Kl. 8\/ 9 &nbsp;<\/u><\/strong><br><strong><u>im Bildungswerk<\/u><\/strong><br>Handlungsfelder:<br>1.&nbsp;&nbsp;&nbsp;&nbsp;&nbsp; Bauwesen, Architektur, Vermessung (Beton-Stahlbetonbau, Stra\u00dfenbau, Mauerwerksbau, Kanalbau, Garten \u2013und Landschaftsbau<br>2.&nbsp;&nbsp;&nbsp;&nbsp;&nbsp; Holz und Papier (Zimmerer)<br>3.&nbsp;&nbsp;&nbsp;&nbsp;&nbsp; Glas, Farben, Lacke, Kunststoffe (Farb- und Raumgestalter bzw. Maler und Lackierer)<br><br>&nbsp;<strong><u>Betriebspraktikum Kl. 8\/ 9\/ 10 &nbsp;<\/u><\/strong><br><strong><u>(14 Tage)<\/u><\/strong><br>Die Sch\u00fcler\/innen<br>bewerben sich selbst\u00e4ndig bei einem Praktikumsbetrieb oder einer Firma nach eigenen Neigungen und Interessen und<br>\u2013 lernen regionale Ausbildungsm\u00f6glichkeiten kennen<br>\u2013 erleben die Berufswelt und gewinnen erste Eindr\u00fccke von der Arbeitswelt<br>\u2013 erkennen ihre Belastbarkeit<\/td><td>Kompetenztest im Bildungswerk <br>(Kl. 8)<br>&nbsp;&nbsp;&nbsp;&nbsp;&nbsp;&nbsp;&nbsp;&nbsp;&nbsp;&nbsp;&nbsp;&nbsp;&nbsp;&nbsp;&nbsp;<br>&nbsp;<br>&nbsp;&nbsp;&nbsp;&nbsp;&nbsp;&nbsp;&nbsp;&nbsp;&nbsp;&nbsp;&nbsp;&nbsp; Projektwoche im Bildungswerk<br>&nbsp;&nbsp;(Kl. 8\/9)<br>&nbsp;&nbsp;&nbsp;&nbsp; &nbsp;&nbsp;&nbsp;&nbsp;&nbsp;&nbsp;&nbsp;&nbsp;&nbsp;&nbsp;&nbsp;<br>&nbsp;<br>&nbsp;<br>&nbsp;<br>&nbsp;<br><br><br><br><br><br><br><br><br><br>&nbsp;&nbsp;&nbsp;&nbsp;&nbsp;&nbsp;&nbsp;&nbsp; Betriebspraktikum<br>&nbsp;&nbsp;(Kl. 8\/9\/10)<br><br>2x im Schuljahr <\/td><\/tr><\/tbody><\/table><\/figure>\n\n\n\n<figure class=\"wp-block-gallery has-nested-images columns-default is-cropped wp-block-gallery-1 is-layout-flex wp-block-gallery-is-layout-flex\">\n<figure class=\"wp-block-image size-large\"><img loading=\"lazy\" decoding=\"async\" width=\"1928\" height=\"1928\" data-id=\"952\" src=\"https:\/\/foerderzentrum-erfurt-nord.de\/wp-content\/uploads\/2022\/06\/ADFCDB54-7B8D-49B3-AC90-98A243657644.jpeg\" alt=\"\" class=\"wp-image-952\" srcset=\"https:\/\/foerderzentrum-erfurt-nord.de\/wp-content\/uploads\/2022\/06\/ADFCDB54-7B8D-49B3-AC90-98A243657644.jpeg 1928w, https:\/\/foerderzentrum-erfurt-nord.de\/wp-content\/uploads\/2022\/06\/ADFCDB54-7B8D-49B3-AC90-98A243657644-300x300.jpeg 300w, https:\/\/foerderzentrum-erfurt-nord.de\/wp-content\/uploads\/2022\/06\/ADFCDB54-7B8D-49B3-AC90-98A243657644-1024x1024.jpeg 1024w, https:\/\/foerderzentrum-erfurt-nord.de\/wp-content\/uploads\/2022\/06\/ADFCDB54-7B8D-49B3-AC90-98A243657644-150x150.jpeg 150w, https:\/\/foerderzentrum-erfurt-nord.de\/wp-content\/uploads\/2022\/06\/ADFCDB54-7B8D-49B3-AC90-98A243657644-768x768.jpeg 768w, https:\/\/foerderzentrum-erfurt-nord.de\/wp-content\/uploads\/2022\/06\/ADFCDB54-7B8D-49B3-AC90-98A243657644-1536x1536.jpeg 1536w, https:\/\/foerderzentrum-erfurt-nord.de\/wp-content\/uploads\/2022\/06\/ADFCDB54-7B8D-49B3-AC90-98A243657644-1568x1568.jpeg 1568w\" sizes=\"auto, (max-width: 1928px) 100vw, 1928px\" \/><\/figure>\n<\/figure>\n\n\n\n<p class=\"has-text-align-center\"><br><\/p>\n\n\n\n<p class=\"has-text-align-center\">\ud83d\udc49\ud83c\udffb <strong>Interessante Internetseiten f\u00fcr die Berufsorientierung und Ausbildungsplatzsuche<\/strong><\/p>\n\n\n\n<div class=\"wp-block-columns is-layout-flex wp-container-core-columns-is-layout-9d6595d7 wp-block-columns-is-layout-flex\">\n<div class=\"wp-block-column is-layout-flow wp-block-column-is-layout-flow\" style=\"flex-basis:100%\"><\/div>\n<\/div>\n\n\n\n<p>\ud83d\udc4d\ud83c\udffb <em><strong>Berufe Net<\/strong><\/em><\/p>\n\n\n\n<p><a href=\"https:\/\/berufenet.arbeitsagentur.de\/berufenet\/faces\/index?path=null\">https:\/\/berufenet.arbeitsagentur.de\/berufenet\/faces\/index?path=null<\/a><\/p>\n\n\n\n<p>\ud83d\udc4d\ud83c\udffb <em><strong>Planet Beruf<\/strong><\/em><\/p>\n\n\n\n<p><a href=\"https:\/\/planet-beruf.de\/schuelerinnen\" target=\"_blank\" rel=\"noreferrer noopener\">https:\/\/planet-beruf.de\/schuelerinnen<\/a>&nbsp;<br><br>\ud83d\udc4d\ud83c\udffb <em><strong>Meine Azubi-Welt per App<\/strong><\/em><\/p>\n\n\n\n<p><a href=\"https:\/\/www.arbeitsagentur.de\/bildung\/ausbildung\/azubiwelt\">https:\/\/www.arbeitsagentur.de\/bildung\/ausbildung\/azubiwelt<\/a><\/p>\n\n\n\n<p>\ud83d\udc49\ud83c\udffb <em><strong>Wichtige Termine zu Berufsorientierungsveranstaltungen f\u00fcr Sch\u00fcler\/innen und Eltern<\/strong><\/em><\/p>\n\n\n\n<p><a href=\"https:\/\/web.arbeitsagentur.de\/portal\/metasuche\/suche\/veranstaltungen?ort=Erfurt_50.9919023_11.0194794\">https:\/\/web.arbeitsagentur.de\/portal\/metasuche\/suche\/veranstaltungen?ort=Erfurt_50.9919023_11.0194794<\/a><\/p>\n\n\n\n<p><strong>=&gt; <em>Deine Ausbildung in Th\u00fcringen<\/em><\/strong> \ud83d\ude00<\/p>\n\n\n\n<p><a href=\"https:\/\/www.deine-ausbildung-in-thueringen.de\/\">https:\/\/www.deine-ausbildung-in-thueringen.de\/<\/a><\/p>\n\n\n\n<p><strong>=&gt; interessante Clips, in denen Berufe vorgestellt werden<\/strong><\/p>\n\n\n\n<p><a href=\"https:\/\/www.youtube.com\/c\/BennyJob\/videos\">https:\/\/www.youtube.com\/c\/BennyJob\/videos<\/a><\/p>\n\n\n\n<p><\/p>\n\n\n\n<p>=&gt; <strong>Berufswahltest<\/strong><\/p>\n\n\n\n<p><a href=\"https:\/\/www.perspektiven-finden.com\">https:\/\/www.perspektiven-finden.com<\/a><\/p>\n\n\n\n<p>\ud83d\udc49\ud83d\udc49\ud83d\udc49 <strong>Schaut doch mal rein<\/strong>,<strong> informiert euch. <\/strong><br><strong>Es geht um EURE berufliche Zukunft!<\/strong><\/p>\n\n\n\n<p><\/p>\n\n\n\n<div class=\"wp-block-group\"><div class=\"wp-block-group__inner-container is-layout-flow wp-block-group-is-layout-flow\">\n<figure class=\"wp-block-gallery has-nested-images columns-default is-cropped wp-block-gallery-2 is-layout-flex wp-block-gallery-is-layout-flex\">\n<figure class=\"wp-block-image size-large\"><img loading=\"lazy\" decoding=\"async\" width=\"1024\" height=\"1024\" data-id=\"994\" src=\"https:\/\/foerderzentrum-erfurt-nord.de\/wp-content\/uploads\/2022\/07\/8A2BFE55-BE54-49E1-96A6-ABCABC576120-1024x1024.jpeg\" alt=\"\" class=\"wp-image-994\" srcset=\"https:\/\/foerderzentrum-erfurt-nord.de\/wp-content\/uploads\/2022\/07\/8A2BFE55-BE54-49E1-96A6-ABCABC576120-1024x1024.jpeg 1024w, https:\/\/foerderzentrum-erfurt-nord.de\/wp-content\/uploads\/2022\/07\/8A2BFE55-BE54-49E1-96A6-ABCABC576120-300x300.jpeg 300w, https:\/\/foerderzentrum-erfurt-nord.de\/wp-content\/uploads\/2022\/07\/8A2BFE55-BE54-49E1-96A6-ABCABC576120-150x150.jpeg 150w, https:\/\/foerderzentrum-erfurt-nord.de\/wp-content\/uploads\/2022\/07\/8A2BFE55-BE54-49E1-96A6-ABCABC576120-768x768.jpeg 768w, https:\/\/foerderzentrum-erfurt-nord.de\/wp-content\/uploads\/2022\/07\/8A2BFE55-BE54-49E1-96A6-ABCABC576120-1536x1536.jpeg 1536w, https:\/\/foerderzentrum-erfurt-nord.de\/wp-content\/uploads\/2022\/07\/8A2BFE55-BE54-49E1-96A6-ABCABC576120-1568x1568.jpeg 1568w, https:\/\/foerderzentrum-erfurt-nord.de\/wp-content\/uploads\/2022\/07\/8A2BFE55-BE54-49E1-96A6-ABCABC576120.jpeg 1928w\" sizes=\"auto, (max-width: 1024px) 100vw, 1024px\" \/><\/figure>\n<\/figure>\n<\/div><\/div>\n\n\n\n<figure class=\"wp-block-image size-full\"><img decoding=\"async\" src=\"https:\/\/foerderzentrum-erfurt-nord.de\/wp-content\/uploads\/2022\/07\/Nicklas-2.pages\" alt=\"\" class=\"wp-image-1031\"\/><\/figure>\n\n\n\n<figure class=\"wp-block-gallery has-nested-images columns-default is-cropped wp-block-gallery-3 is-layout-flex wp-block-gallery-is-layout-flex\"><\/figure>\n\n\n\n<p><\/p>\n\n\n\n<p><strong>Berufsorientierung im Bildungswerk Bau<\/strong><\/p>\n\n\n\n<p>17.11 &#8211; 21.11.2025<\/p>\n\n\n\n<p>In der Woche vom 17. November bis 21. November nahmen unsere Sch\u00fclerinnen und Sch\u00fcler der Klasse acht an der Berufsorientierung im Bildungswerk Bau teil. Das Bildungswerk Bau ist bereits seit vielen Jahren ein zuverl\u00e4ssiger Kooperationspartner unserer Schule.<\/p>\n\n\n\n<p>Die Berufsorientierung bietet unseren Sch\u00fclerinnen und Sch\u00fclern die M\u00f6glichkeit einen Einblick in verschiedene Berufsfelder zu erhalten und diese besser kennenzulernen. Die Chance der praktischen Arbeit au\u00dferhalb der Schule geh\u00f6rt zu unserem p\u00e4dagogischen Ansatz und erm\u00f6glicht den Sch\u00fclerinnen und Sch\u00fclern theoretisch erlernte Kompetenzen in der Praxis anzuwenden.<\/p>\n\n\n\n<p>Die Sch\u00fclerinnen und Sch\u00fcler durften sich in f\u00fcnf verschiedenen Berufsfeldern ausprobieren.<\/p>\n\n\n\n<p>In kleinen Gruppen lernten sie am Montag das Berufsfeld Hochbau kennen. Mit Hilfe eines Bauplanes stellten sie eine Mauer aus Steinen her und durften diese anschlie\u00dfend mit Zement befestigen. Hierbei kam es f\u00fcr unsere Sch\u00fclerinnen und Sch\u00fcler auf Genauigkeit und Sorgfalt an.<\/p>\n\n\n\n<p>Der Dienstag erm\u00f6glichte unseren Sch\u00fclern einen Einblick in das Berufsfeld des Innenausbaus, hierbei sollte ein Rahmen aus Gipskartonplatten angefertigt werden. Nach dem schneiden, schleifen und verkleben trocknete dieser bis Freitag zur Weiterverarbeitung.<\/p>\n\n\n\n<p>Das Berufsfeld Holz lernten unsere Sch\u00fcler am Mittwoch kennen, die Aufgabe war es ein Dekost\u00fcck f\u00fcr das eigene Zuhause herzustellen. Hierbei wurden verschiedene Kompetenzen wie Sauberkeit und Genauigkeit gef\u00f6rdert.<\/p>\n\n\n\n<p>Kreativ wurde es am Donnerstag hier durften unsere Sch\u00fcler aus Naturmaterialien ihren eigenen Garten entwerfen. Dieser wurde zun\u00e4chst in einer Zeichnung festgehalten und anschlie\u00dfend nachgebaut.<\/p>\n\n\n\n<p>Am Freitag lernten die Sch\u00fclerinnen und Sch\u00fcler das Berufsfeld Farbe kennen. Die am Dienstag gefertigten Gipskartonplatten wurden mit Farbe bemalt und durfte am Ende mit nach Hause genommen werden, so konnte jeder ein einzigartiges Andenken f\u00fcr sich behalten und diese erfolgreiche, erkenntnisreiche Woche in Erinnerung behalten.<\/p>\n\n\n\n<p><\/p>\n\n\n\n<p><\/p>\n\n\n\n<p><\/p>\n\n\n\n<p><\/p>\n\n\n\n<p><a href=\"https:\/\/foerderzentrum-erfurt-nord.de\/?page_id=208\" data-type=\"page\" data-id=\"208\">Lernen im Haus<\/a><\/p>\n\n\n\n<p><a href=\"https:\/\/foerderzentrum-erfurt-nord.de\/?page_id=677\" data-type=\"page\" data-id=\"677\">zum lebenspraktischen Lernen<\/a><\/p>\n\n\n\n<p><a href=\"https:\/\/foerderzentrum-erfurt-nord.de\/?page_id=75\" data-type=\"page\" data-id=\"75\">zur Schulsozialarbeit<\/a><\/p>\n\n\n\n<p><a href=\"https:\/\/foerderzentrum-erfurt-nord.de\/?page_id=259\" data-type=\"page\" data-id=\"259\">F\u00f6rderverein<\/a><\/p>\n\n\n\n<p><\/p>\n\n\n\n<figure class=\"wp-block-gallery has-nested-images columns-default is-cropped wp-block-gallery-4 is-layout-flex wp-block-gallery-is-layout-flex\"><\/figure>\n","protected":false},"excerpt":{"rendered":"<p>Informationen zum Ablauf berufsvorbereitender Ma\u00dfnahmen Berufseinstiegsbegleitung Hilfe&amp; Unterst\u00fctzung F\u00fcr den berufswahl- und berufsorientierten Unterricht ist der wichtigste Ansprechpartner die stellvertretende Schulleiterin. Sie organisiert und koordiniert spezielle Veranstaltungen gemeinsam mit unserem Ansprechpartner der Agentur f\u00fcr Arbeit. Zu Beginn des Schuljahres stellt sich unser Ansprechpartner von der Bundesagentur f\u00fcr Arbeit in den Elternabenden der Lerngruppen allen Eltern&hellip; <a class=\"more-link\" href=\"https:\/\/foerderzentrum-erfurt-nord.de\/?page_id=628\"><span class=\"screen-reader-text\">Berufsvorbereitung<\/span> weiterlesen<\/a><\/p>\n","protected":false},"author":3,"featured_media":0,"parent":0,"menu_order":0,"comment_status":"closed","ping_status":"closed","template":"","meta":{"footnotes":""},"class_list":["post-628","page","type-page","status-publish","hentry","entry"],"_links":{"self":[{"href":"https:\/\/foerderzentrum-erfurt-nord.de\/index.php?rest_route=\/wp\/v2\/pages\/628","targetHints":{"allow":["GET"]}}],"collection":[{"href":"https:\/\/foerderzentrum-erfurt-nord.de\/index.php?rest_route=\/wp\/v2\/pages"}],"about":[{"href":"https:\/\/foerderzentrum-erfurt-nord.de\/index.php?rest_route=\/wp\/v2\/types\/page"}],"author":[{"embeddable":true,"href":"https:\/\/foerderzentrum-erfurt-nord.de\/index.php?rest_route=\/wp\/v2\/users\/3"}],"replies":[{"embeddable":true,"href":"https:\/\/foerderzentrum-erfurt-nord.de\/index.php?rest_route=%2Fwp%2Fv2%2Fcomments&post=628"}],"version-history":[{"count":27,"href":"https:\/\/foerderzentrum-erfurt-nord.de\/index.php?rest_route=\/wp\/v2\/pages\/628\/revisions"}],"predecessor-version":[{"id":5609,"href":"https:\/\/foerderzentrum-erfurt-nord.de\/index.php?rest_route=\/wp\/v2\/pages\/628\/revisions\/5609"}],"wp:attachment":[{"href":"https:\/\/foerderzentrum-erfurt-nord.de\/index.php?rest_route=%2Fwp%2Fv2%2Fmedia&parent=628"}],"curies":[{"name":"wp","href":"https:\/\/api.w.org\/{rel}","templated":true}]}}