{"id":646,"date":"2022-05-19T10:29:03","date_gmt":"2022-05-19T10:29:03","guid":{"rendered":"https:\/\/foerderzentrum-erfurt-nord.de\/?page_id=646"},"modified":"2022-06-09T07:37:21","modified_gmt":"2022-06-09T07:37:21","slug":"unterstuetzung-im-gu","status":"publish","type":"page","link":"https:\/\/foerderzentrum-erfurt-nord.de\/?page_id=646","title":{"rendered":"F\u00f6rderp\u00e4dagogen im Gemeinsamen Unterricht"},"content":{"rendered":"\n<p>Welche Aufgaben haben F\u00f6rderp\u00e4dagogen im Gemeinsamen Unterricht?<\/p>\n\n\n\n<p>F\u00f6rderp\u00e4dagogen sind an den Grund- und weiterf\u00fchrenden Schulen eingesetzt, um Sch\u00fclerinnen und Sch\u00fcler mit sonderp\u00e4dagogischem F\u00f6rderbedarf zu begleiten. <br>Das kann im Klassenverband in Zusammenarbeit mit dem Klassen- oder Fachlehrer erfolgen. Oft passt der F\u00f6rderlehrer in der Unterrichtsvorbereitung Aufgaben an oder bringt zus\u00e4tzliche Lernmittel ein.<br>F\u00f6rderp\u00e4dagogen bieten aber auch Kleingruppenarbeit an oder besprechen mit Sch\u00fclerinnen und Sch\u00fclern individuelle Wochenpl\u00e4ne vorbereitend oder auswertend.<\/p>\n\n\n\n<p>Mit Sch\u00fclerinnen und Sch\u00fclern werden Gespr\u00e4che \u00fcber Lernfortschritte gef\u00fchrt. Diese werden dann mit Klassen- und Fachlehrern ausgewertet. Beratungsergebnisse werden in F\u00f6rderpl\u00e4nen niedergeschrieben und mit Eltern und Sch\u00fclern besprochen.<\/p>\n\n\n\n<p> F\u00f6rderp\u00e4dagogen sind aufmerksame Beobachter. Das Ziel ist, m\u00f6glichst fr\u00fchzeitig evtl. beim Lernen auftretende Probleme zu erkennen und durch Pr\u00e4vention sonderp\u00e4dagogischem F\u00f6rderbedarf zu vermeiden. <\/p>\n\n\n\n<p>Zu den Instrumenten des F\u00f6rderp\u00e4dagogen geh\u00f6ren deshalb<\/p>\n\n\n\n<p>-die Analyse von Leistungsnachweisen,<br>-die Auswertung standartisierter Schulleitungstests,<br>-die Dokumentation von Beobachtungen, <br>-Gespr\u00e4che und Interviews mit Sch\u00fclerinnen und Sch\u00fclern,<br>-Soziogramme,<br>-Elterngespr\u00e4che.<\/p>\n\n\n\n<p>So leistet der F\u00f6rderlehrer bzw. die F\u00f6rderlehrerin einen wichtigen Beitrag, Unter- oder \u00dcberforderung zu minimieren, Neugier, Lernfreude und Leistungsbereitschaft zu erhalten. <\/p>\n\n\n\n<p><a href=\"https:\/\/foerderzentrum-erfurt-nord.de\/?page_id=643\" data-type=\"page\" data-id=\"643\">zum Gemeinsamen Unterricht<\/a><\/p>\n\n\n\n<p><a href=\"https:\/\/foerderzentrum-erfurt-nord.de\/?page_id=610\" data-type=\"page\" data-id=\"610\">zu Zahlen und Fakten<\/a><\/p>\n","protected":false},"excerpt":{"rendered":"<p>Welche Aufgaben haben F\u00f6rderp\u00e4dagogen im Gemeinsamen Unterricht? F\u00f6rderp\u00e4dagogen sind an den Grund- und weiterf\u00fchrenden Schulen eingesetzt, um Sch\u00fclerinnen und Sch\u00fcler mit sonderp\u00e4dagogischem F\u00f6rderbedarf zu begleiten. Das kann im Klassenverband in Zusammenarbeit mit dem Klassen- oder Fachlehrer erfolgen. Oft passt der F\u00f6rderlehrer in der Unterrichtsvorbereitung Aufgaben an oder bringt zus\u00e4tzliche Lernmittel ein.F\u00f6rderp\u00e4dagogen bieten aber auch Kleingruppenarbeit&hellip; <a class=\"more-link\" href=\"https:\/\/foerderzentrum-erfurt-nord.de\/?page_id=646\"><span class=\"screen-reader-text\">F\u00f6rderp\u00e4dagogen im Gemeinsamen Unterricht<\/span> weiterlesen<\/a><\/p>\n","protected":false},"author":2,"featured_media":0,"parent":0,"menu_order":0,"comment_status":"closed","ping_status":"closed","template":"","meta":{"footnotes":""},"class_list":["post-646","page","type-page","status-publish","hentry","entry"],"_links":{"self":[{"href":"https:\/\/foerderzentrum-erfurt-nord.de\/index.php?rest_route=\/wp\/v2\/pages\/646","targetHints":{"allow":["GET"]}}],"collection":[{"href":"https:\/\/foerderzentrum-erfurt-nord.de\/index.php?rest_route=\/wp\/v2\/pages"}],"about":[{"href":"https:\/\/foerderzentrum-erfurt-nord.de\/index.php?rest_route=\/wp\/v2\/types\/page"}],"author":[{"embeddable":true,"href":"https:\/\/foerderzentrum-erfurt-nord.de\/index.php?rest_route=\/wp\/v2\/users\/2"}],"replies":[{"embeddable":true,"href":"https:\/\/foerderzentrum-erfurt-nord.de\/index.php?rest_route=%2Fwp%2Fv2%2Fcomments&post=646"}],"version-history":[{"count":9,"href":"https:\/\/foerderzentrum-erfurt-nord.de\/index.php?rest_route=\/wp\/v2\/pages\/646\/revisions"}],"predecessor-version":[{"id":868,"href":"https:\/\/foerderzentrum-erfurt-nord.de\/index.php?rest_route=\/wp\/v2\/pages\/646\/revisions\/868"}],"wp:attachment":[{"href":"https:\/\/foerderzentrum-erfurt-nord.de\/index.php?rest_route=%2Fwp%2Fv2%2Fmedia&parent=646"}],"curies":[{"name":"wp","href":"https:\/\/api.w.org\/{rel}","templated":true}]}}