{"id":677,"date":"2022-05-20T12:03:51","date_gmt":"2022-05-20T12:03:51","guid":{"rendered":"https:\/\/foerderzentrum-erfurt-nord.de\/?page_id=677"},"modified":"2022-05-25T06:51:28","modified_gmt":"2022-05-25T06:51:28","slug":"lebenspraktisches-lernen","status":"publish","type":"page","link":"https:\/\/foerderzentrum-erfurt-nord.de\/?page_id=677","title":{"rendered":"Lebenspraktisches Lernen"},"content":{"rendered":"\n<p>Unsere T\u00f6pferwerkstatt<\/p>\n\n\n\n<p>In unserer gro\u00dfen T\u00f6pferwerkstatt k\u00f6nnen sich die Sch\u00fclerinnen und Sch\u00fcler aller Lerngruppen ausprobieren und den Werkstoff \u201eTon\u201c kennenlernen. Die Arbeit mit Ton ist etwas sehr Kreatives und f\u00f6rdert handwerkliches Geschick. Die Sch\u00fclerinnen und Sch\u00fcler lernen verschiedene T\u00f6pfertechniken kennen und formen unter Anleitung eigene Gef\u00e4\u00dfe und Figuren. Eine Vielzahl von \u201eKunstwerken\u201c sind dabei schon entstanden. Die gemeinsame Arbeit am Material f\u00f6rdert das soziale Lernen in der Gruppe. Mit Freude und Stolz pr\u00e4sentieren die Sch\u00fclerinnen und Sch\u00fcler in jedem Jahr ihre selbst get\u00f6pferten Werkst\u00fccke bei unserem Fr\u00fchlings- bzw. Weihnachtsbasar.<\/p>\n\n\n\n<figure class=\"wp-block-gallery has-nested-images columns-default is-cropped wp-block-gallery-1 is-layout-flex wp-block-gallery-is-layout-flex\">\n<figure class=\"wp-block-image size-large\"><img loading=\"lazy\" decoding=\"async\" width=\"450\" height=\"506\" data-id=\"683\" src=\"https:\/\/foerderzentrum-erfurt-nord.de\/wp-content\/uploads\/2022\/05\/Toepfern1.jpeg\" alt=\"\" class=\"wp-image-683\" srcset=\"https:\/\/foerderzentrum-erfurt-nord.de\/wp-content\/uploads\/2022\/05\/Toepfern1.jpeg 450w, https:\/\/foerderzentrum-erfurt-nord.de\/wp-content\/uploads\/2022\/05\/Toepfern1-267x300.jpeg 267w\" sizes=\"auto, (max-width: 450px) 100vw, 450px\" \/><\/figure>\n\n\n\n<figure class=\"wp-block-image size-large\"><img loading=\"lazy\" decoding=\"async\" width=\"438\" height=\"499\" data-id=\"685\" src=\"https:\/\/foerderzentrum-erfurt-nord.de\/wp-content\/uploads\/2022\/05\/Toepfern2.jpeg\" alt=\"\" class=\"wp-image-685\" srcset=\"https:\/\/foerderzentrum-erfurt-nord.de\/wp-content\/uploads\/2022\/05\/Toepfern2.jpeg 438w, https:\/\/foerderzentrum-erfurt-nord.de\/wp-content\/uploads\/2022\/05\/Toepfern2-263x300.jpeg 263w\" sizes=\"auto, (max-width: 438px) 100vw, 438px\" \/><\/figure>\n\n\n\n<figure class=\"wp-block-image size-large\"><img loading=\"lazy\" decoding=\"async\" width=\"455\" height=\"490\" data-id=\"684\" src=\"https:\/\/foerderzentrum-erfurt-nord.de\/wp-content\/uploads\/2022\/05\/Toepfern3.jpeg\" alt=\"\" class=\"wp-image-684\" srcset=\"https:\/\/foerderzentrum-erfurt-nord.de\/wp-content\/uploads\/2022\/05\/Toepfern3.jpeg 455w, https:\/\/foerderzentrum-erfurt-nord.de\/wp-content\/uploads\/2022\/05\/Toepfern3-279x300.jpeg 279w\" sizes=\"auto, (max-width: 455px) 100vw, 455px\" \/><\/figure>\n\n\n\n<figure class=\"wp-block-image size-large\"><img loading=\"lazy\" decoding=\"async\" width=\"211\" height=\"336\" data-id=\"686\" src=\"https:\/\/foerderzentrum-erfurt-nord.de\/wp-content\/uploads\/2022\/05\/Toepfern4.png\" alt=\"\" class=\"wp-image-686\" srcset=\"https:\/\/foerderzentrum-erfurt-nord.de\/wp-content\/uploads\/2022\/05\/Toepfern4.png 211w, https:\/\/foerderzentrum-erfurt-nord.de\/wp-content\/uploads\/2022\/05\/Toepfern4-188x300.png 188w\" sizes=\"auto, (max-width: 211px) 100vw, 211px\" \/><\/figure>\n\n\n\n<figure class=\"wp-block-image size-large\"><img loading=\"lazy\" decoding=\"async\" width=\"1024\" height=\"606\" data-id=\"687\" src=\"https:\/\/foerderzentrum-erfurt-nord.de\/wp-content\/uploads\/2022\/05\/Toepfern5-1024x606.jpeg\" alt=\"\" class=\"wp-image-687\" srcset=\"https:\/\/foerderzentrum-erfurt-nord.de\/wp-content\/uploads\/2022\/05\/Toepfern5-1024x606.jpeg 1024w, https:\/\/foerderzentrum-erfurt-nord.de\/wp-content\/uploads\/2022\/05\/Toepfern5-300x177.jpeg 300w, https:\/\/foerderzentrum-erfurt-nord.de\/wp-content\/uploads\/2022\/05\/Toepfern5-768x454.jpeg 768w, https:\/\/foerderzentrum-erfurt-nord.de\/wp-content\/uploads\/2022\/05\/Toepfern5.jpeg 1050w\" sizes=\"auto, (max-width: 1024px) 100vw, 1024px\" \/><\/figure>\n<\/figure>\n\n\n\n<p>Der Kunstunterricht<\/p>\n\n\n\n<p>Im Kunstunterricht steht neben der Sensibilisierung der Wahrnehmung und der F\u00f6rderung der Phantasie die Entwicklung der Kreativit\u00e4t im Zentrum. Durch die Begegnung mit Kunst und durch die eigene gestalterische Praxis k\u00f6nnen die Sch\u00fclerinnen und Sch\u00fcler ihr kreatives Potential entfalten, m\u00f6gliche Begabungen erkennen und somit eine eigene k\u00fcnstlerische Identit\u00e4t finden, die die Pers\u00f6nlichkeitsbildung unterst\u00fctzt.<\/p>\n\n\n\n<figure class=\"wp-block-gallery has-nested-images columns-default is-cropped wp-block-gallery-2 is-layout-flex wp-block-gallery-is-layout-flex\">\n<figure class=\"wp-block-image size-large\"><img loading=\"lazy\" decoding=\"async\" width=\"1024\" height=\"1024\" data-id=\"690\" src=\"https:\/\/foerderzentrum-erfurt-nord.de\/wp-content\/uploads\/2022\/05\/kunst1-1024x1024.jpeg\" alt=\"\" class=\"wp-image-690\" srcset=\"https:\/\/foerderzentrum-erfurt-nord.de\/wp-content\/uploads\/2022\/05\/kunst1-1024x1024.jpeg 1024w, https:\/\/foerderzentrum-erfurt-nord.de\/wp-content\/uploads\/2022\/05\/kunst1-300x300.jpeg 300w, https:\/\/foerderzentrum-erfurt-nord.de\/wp-content\/uploads\/2022\/05\/kunst1-150x150.jpeg 150w, https:\/\/foerderzentrum-erfurt-nord.de\/wp-content\/uploads\/2022\/05\/kunst1-768x768.jpeg 768w, https:\/\/foerderzentrum-erfurt-nord.de\/wp-content\/uploads\/2022\/05\/kunst1-1536x1536.jpeg 1536w, https:\/\/foerderzentrum-erfurt-nord.de\/wp-content\/uploads\/2022\/05\/kunst1-1568x1568.jpeg 1568w, https:\/\/foerderzentrum-erfurt-nord.de\/wp-content\/uploads\/2022\/05\/kunst1.jpeg 2048w\" sizes=\"auto, (max-width: 1024px) 100vw, 1024px\" \/><\/figure>\n\n\n\n<figure class=\"wp-block-image size-large\"><img loading=\"lazy\" decoding=\"async\" width=\"1024\" height=\"1024\" data-id=\"691\" src=\"https:\/\/foerderzentrum-erfurt-nord.de\/wp-content\/uploads\/2022\/05\/Kunst2-1024x1024.jpeg\" alt=\"\" class=\"wp-image-691\" srcset=\"https:\/\/foerderzentrum-erfurt-nord.de\/wp-content\/uploads\/2022\/05\/Kunst2-1024x1024.jpeg 1024w, https:\/\/foerderzentrum-erfurt-nord.de\/wp-content\/uploads\/2022\/05\/Kunst2-300x300.jpeg 300w, https:\/\/foerderzentrum-erfurt-nord.de\/wp-content\/uploads\/2022\/05\/Kunst2-150x150.jpeg 150w, https:\/\/foerderzentrum-erfurt-nord.de\/wp-content\/uploads\/2022\/05\/Kunst2-768x768.jpeg 768w, https:\/\/foerderzentrum-erfurt-nord.de\/wp-content\/uploads\/2022\/05\/Kunst2-1536x1536.jpeg 1536w, https:\/\/foerderzentrum-erfurt-nord.de\/wp-content\/uploads\/2022\/05\/Kunst2-1568x1568.jpeg 1568w, https:\/\/foerderzentrum-erfurt-nord.de\/wp-content\/uploads\/2022\/05\/Kunst2.jpeg 2048w\" sizes=\"auto, (max-width: 1024px) 100vw, 1024px\" \/><\/figure>\n\n\n\n<figure class=\"wp-block-image size-large\"><img loading=\"lazy\" decoding=\"async\" width=\"1024\" height=\"1024\" data-id=\"693\" src=\"https:\/\/foerderzentrum-erfurt-nord.de\/wp-content\/uploads\/2022\/05\/kunst3-1024x1024.jpeg\" alt=\"\" class=\"wp-image-693\" srcset=\"https:\/\/foerderzentrum-erfurt-nord.de\/wp-content\/uploads\/2022\/05\/kunst3-1024x1024.jpeg 1024w, https:\/\/foerderzentrum-erfurt-nord.de\/wp-content\/uploads\/2022\/05\/kunst3-300x300.jpeg 300w, https:\/\/foerderzentrum-erfurt-nord.de\/wp-content\/uploads\/2022\/05\/kunst3-150x150.jpeg 150w, https:\/\/foerderzentrum-erfurt-nord.de\/wp-content\/uploads\/2022\/05\/kunst3-768x768.jpeg 768w, https:\/\/foerderzentrum-erfurt-nord.de\/wp-content\/uploads\/2022\/05\/kunst3-1536x1536.jpeg 1536w, https:\/\/foerderzentrum-erfurt-nord.de\/wp-content\/uploads\/2022\/05\/kunst3-1568x1568.jpeg 1568w, https:\/\/foerderzentrum-erfurt-nord.de\/wp-content\/uploads\/2022\/05\/kunst3.jpeg 2048w\" sizes=\"auto, (max-width: 1024px) 100vw, 1024px\" \/><\/figure>\n\n\n\n<figure class=\"wp-block-image size-large\"><img loading=\"lazy\" decoding=\"async\" width=\"1024\" height=\"496\" data-id=\"692\" src=\"https:\/\/foerderzentrum-erfurt-nord.de\/wp-content\/uploads\/2022\/05\/kunst4-1024x496.jpeg\" alt=\"\" class=\"wp-image-692\" srcset=\"https:\/\/foerderzentrum-erfurt-nord.de\/wp-content\/uploads\/2022\/05\/kunst4-1024x496.jpeg 1024w, https:\/\/foerderzentrum-erfurt-nord.de\/wp-content\/uploads\/2022\/05\/kunst4-300x145.jpeg 300w, https:\/\/foerderzentrum-erfurt-nord.de\/wp-content\/uploads\/2022\/05\/kunst4-768x372.jpeg 768w, https:\/\/foerderzentrum-erfurt-nord.de\/wp-content\/uploads\/2022\/05\/kunst4-1536x744.jpeg 1536w, https:\/\/foerderzentrum-erfurt-nord.de\/wp-content\/uploads\/2022\/05\/kunst4-1568x760.jpeg 1568w, https:\/\/foerderzentrum-erfurt-nord.de\/wp-content\/uploads\/2022\/05\/kunst4.jpeg 2048w\" sizes=\"auto, (max-width: 1024px) 100vw, 1024px\" \/><\/figure>\n<\/figure>\n\n\n\n<p>Entspannung&#8230;<\/p>\n\n\n\n<p>&#8230;.finden Sch\u00fclerinnen und Sch\u00fcler z.B. in der Bibliothek. <br>Sie ist ein farbenfroher, gem\u00fctlicher Raum. In einer ruhigen Atmosph\u00e4re werden hier F\u00f6rderma\u00dfnahmen durchgef\u00fchrt, die den Sch\u00fclerinnen und Sch\u00fclern  M\u00f6glichkeiten bieten, \u00fcber Literatur ihr Sprachverm\u00f6gen zu verbessern. Einfach mal ein gutes Buch lesen, Musik h\u00f6ren oder Gesellschaftsspiele nutzen. Auch \u00fcber basteleifrige Sch\u00fcler freuen wir uns. Nach Absprache k\u00f6nnen alle B\u00fccher auch verliehen werden.<\/p>\n\n\n\n<figure class=\"wp-block-image size-large\"><img loading=\"lazy\" decoding=\"async\" width=\"1024\" height=\"493\" src=\"https:\/\/foerderzentrum-erfurt-nord.de\/wp-content\/uploads\/2022\/05\/bibo-1024x493.jpeg\" alt=\"\" class=\"wp-image-696\" srcset=\"https:\/\/foerderzentrum-erfurt-nord.de\/wp-content\/uploads\/2022\/05\/bibo-1024x493.jpeg 1024w, https:\/\/foerderzentrum-erfurt-nord.de\/wp-content\/uploads\/2022\/05\/bibo-300x144.jpeg 300w, https:\/\/foerderzentrum-erfurt-nord.de\/wp-content\/uploads\/2022\/05\/bibo-768x370.jpeg 768w, https:\/\/foerderzentrum-erfurt-nord.de\/wp-content\/uploads\/2022\/05\/bibo-1536x740.jpeg 1536w, https:\/\/foerderzentrum-erfurt-nord.de\/wp-content\/uploads\/2022\/05\/bibo-1568x755.jpeg 1568w, https:\/\/foerderzentrum-erfurt-nord.de\/wp-content\/uploads\/2022\/05\/bibo.jpeg 2048w\" sizes=\"auto, (max-width: 1024px) 100vw, 1024px\" \/><\/figure>\n\n\n\n<p><a href=\"https:\/\/foerderzentrum-erfurt-nord.de\/?page_id=208\" data-type=\"page\" data-id=\"208\">zum Lernen im Haus<\/a><\/p>\n\n\n\n<p><a href=\"https:\/\/foerderzentrum-erfurt-nord.de\/?page_id=628\" data-type=\"page\" data-id=\"628\">zur Berufsvorbereitung<\/a><\/p>\n\n\n\n<p><a href=\"https:\/\/foerderzentrum-erfurt-nord.de\/?page_id=75\" data-type=\"page\" data-id=\"75\">zur Schulsozialarbeit<\/a><\/p>\n\n\n\n<p>z<a href=\"https:\/\/foerderzentrum-erfurt-nord.de\/?page_id=259\" data-type=\"page\" data-id=\"259\">um F\u00f6rderverein<\/a><\/p>\n\n\n\n<p><\/p>\n","protected":false},"excerpt":{"rendered":"<p>Unsere T\u00f6pferwerkstatt In unserer gro\u00dfen T\u00f6pferwerkstatt k\u00f6nnen sich die Sch\u00fclerinnen und Sch\u00fcler aller Lerngruppen ausprobieren und den Werkstoff \u201eTon\u201c kennenlernen. Die Arbeit mit Ton ist etwas sehr Kreatives und f\u00f6rdert handwerkliches Geschick. Die Sch\u00fclerinnen und Sch\u00fcler lernen verschiedene T\u00f6pfertechniken kennen und formen unter Anleitung eigene Gef\u00e4\u00dfe und Figuren. Eine Vielzahl von \u201eKunstwerken\u201c sind dabei schon&hellip; <a class=\"more-link\" href=\"https:\/\/foerderzentrum-erfurt-nord.de\/?page_id=677\"><span class=\"screen-reader-text\">Lebenspraktisches Lernen<\/span> weiterlesen<\/a><\/p>\n","protected":false},"author":2,"featured_media":0,"parent":0,"menu_order":0,"comment_status":"closed","ping_status":"closed","template":"","meta":{"footnotes":""},"class_list":["post-677","page","type-page","status-publish","hentry","entry"],"_links":{"self":[{"href":"https:\/\/foerderzentrum-erfurt-nord.de\/index.php?rest_route=\/wp\/v2\/pages\/677","targetHints":{"allow":["GET"]}}],"collection":[{"href":"https:\/\/foerderzentrum-erfurt-nord.de\/index.php?rest_route=\/wp\/v2\/pages"}],"about":[{"href":"https:\/\/foerderzentrum-erfurt-nord.de\/index.php?rest_route=\/wp\/v2\/types\/page"}],"author":[{"embeddable":true,"href":"https:\/\/foerderzentrum-erfurt-nord.de\/index.php?rest_route=\/wp\/v2\/users\/2"}],"replies":[{"embeddable":true,"href":"https:\/\/foerderzentrum-erfurt-nord.de\/index.php?rest_route=%2Fwp%2Fv2%2Fcomments&post=677"}],"version-history":[{"count":7,"href":"https:\/\/foerderzentrum-erfurt-nord.de\/index.php?rest_route=\/wp\/v2\/pages\/677\/revisions"}],"predecessor-version":[{"id":791,"href":"https:\/\/foerderzentrum-erfurt-nord.de\/index.php?rest_route=\/wp\/v2\/pages\/677\/revisions\/791"}],"wp:attachment":[{"href":"https:\/\/foerderzentrum-erfurt-nord.de\/index.php?rest_route=%2Fwp%2Fv2%2Fmedia&parent=677"}],"curies":[{"name":"wp","href":"https:\/\/api.w.org\/{rel}","templated":true}]}}